{"id":35,"date":"2019-07-30T21:36:57","date_gmt":"2019-07-31T00:36:57","guid":{"rendered":"http:\/\/teste.lorando.com.br\/festainfantil\/?page_id=29"},"modified":"2024-02-19T09:52:03","modified_gmt":"2024-02-19T12:52:03","slug":"fale-com-o-fotografo","status":"publish","type":"page","link":"https:\/\/teste.lorando.com.br\/festaseeventos\/fale-com-o-fotografo\/","title":{"rendered":"Fale com o fot\u00f3grafo"},"content":{"rendered":"\t\t<div data-elementor-type=\"wp-page\" data-elementor-id=\"35\" class=\"elementor elementor-35\">\n\t\t\t\t\t\t<section class=\"elementor-section elementor-top-section elementor-element elementor-element-d931e0f elementor-section-boxed elementor-section-height-default elementor-section-height-default\" data-id=\"d931e0f\" data-element_type=\"section\">\n\t\t\t\t\t\t<div class=\"elementor-container elementor-column-gap-default\">\n\t\t\t\t\t<div class=\"elementor-column elementor-col-50 elementor-top-column elementor-element elementor-element-d49d8d9\" data-id=\"d49d8d9\" data-element_type=\"column\">\n\t\t\t<div class=\"elementor-widget-wrap elementor-element-populated\">\n\t\t\t\t\t\t<div class=\"elementor-element elementor-element-eba0c62 elementor-widget elementor-widget-text-editor\" data-id=\"eba0c62\" data-element_type=\"widget\" data-widget_type=\"text-editor.default\">\n\t\t\t\t<div class=\"elementor-widget-container\">\n\t\t\t\t\t\t\t\t\t<p>Ol\u00e1.<\/p><p>Obrigado por ter dedicado um pouco do seu tempo pra ver o meu trabalho. Espero que tenha gostado.<\/p><p>Se voc\u00ea deseja ter mais informa\u00e7\u00f5es sobre a cobertura de evento ou o ensaio fotogr\u00e1fico, me envie uma mensagem atrav\u00e9s do formul\u00e1rio ao lado.<\/p><p>Tamb\u00e9m estou dispon\u00edvel atrav\u00e9s do e-mail citado\u00a0abaixo ou pelo whatsapp\u00a0<em><strong>21\u00a0<\/strong><\/em><em><span style=\"font-weight: bold;\">96689-0771<\/span><\/em>.<\/p><p>Ser\u00e1 um prazer atend\u00ea-lo.<\/p><p><i class=\"fa fa-envelope\"><\/i> contatos@lorando.com.br<\/p>\t\t\t\t\t\t\t\t<\/div>\n\t\t\t\t<\/div>\n\t\t\t\t\t<\/div>\n\t\t<\/div>\n\t\t\t\t<div class=\"elementor-column elementor-col-50 elementor-top-column elementor-element elementor-element-2c60b73\" data-id=\"2c60b73\" data-element_type=\"column\">\n\t\t\t<div class=\"elementor-widget-wrap elementor-element-populated\">\n\t\t\t\t\t\t<div class=\"elementor-element elementor-element-5a96d80b elementor-widget elementor-widget-text-editor\" data-id=\"5a96d80b\" data-element_type=\"widget\" data-widget_type=\"text-editor.default\">\n\t\t\t\t<div class=\"elementor-widget-container\">\n\t\t\t\t\t\t\t\t\t<p>\n<div class=\"wpcf7 no-js\" id=\"wpcf7-f104-o1\" lang=\"pt-BR\" dir=\"ltr\" data-wpcf7-id=\"104\">\n<div class=\"screen-reader-response\"><p role=\"status\" aria-live=\"polite\" aria-atomic=\"true\"><\/p> <ul><\/ul><\/div>\n<form action=\"\/festaseeventos\/wp-json\/wp\/v2\/pages\/35#wpcf7-f104-o1\" method=\"post\" class=\"wpcf7-form init\" aria-label=\"Formul\u00e1rios de contato\" novalidate=\"novalidate\" data-status=\"init\">\n<div style=\"display: none;\">\n<input type=\"hidden\" name=\"_wpcf7\" value=\"104\" \/>\n<input type=\"hidden\" name=\"_wpcf7_version\" value=\"6.0.6\" \/>\n<input type=\"hidden\" name=\"_wpcf7_locale\" value=\"pt_BR\" \/>\n<input type=\"hidden\" name=\"_wpcf7_unit_tag\" value=\"wpcf7-f104-o1\" \/>\n<input type=\"hidden\" name=\"_wpcf7_container_post\" value=\"0\" \/>\n<input type=\"hidden\" name=\"_wpcf7_posted_data_hash\" value=\"\" \/>\n<\/div>\n<p><label> Seu nome (obrigat\u00f3rio)<br \/>\n<span class=\"wpcf7-form-control-wrap\" data-name=\"txt-nome\"><input size=\"40\" maxlength=\"400\" class=\"wpcf7-form-control wpcf7-text wpcf7-validates-as-required\" aria-required=\"true\" aria-invalid=\"false\" placeholder=\"Informe seu nome e sobrenome\" value=\"\" type=\"text\" name=\"txt-nome\" \/><\/span> <\/label>\n<\/p>\n<p><label> Seu e-mail (obrigat\u00f3rio)<br \/>\n<span class=\"wpcf7-form-control-wrap\" data-name=\"txt-email\"><input size=\"40\" maxlength=\"400\" class=\"wpcf7-form-control wpcf7-email wpcf7-validates-as-required wpcf7-text wpcf7-validates-as-email\" aria-required=\"true\" aria-invalid=\"false\" placeholder=\"Informe um e-mail v\u00e1lido\" value=\"\" type=\"email\" name=\"txt-email\" \/><\/span> <\/label>\n<\/p>\n<p><label> Sua mensagem<br \/>\n<span class=\"wpcf7-form-control-wrap\" data-name=\"txt-mensagem\"><textarea cols=\"40\" rows=\"10\" maxlength=\"2000\" class=\"wpcf7-form-control wpcf7-textarea\" aria-invalid=\"false\" name=\"txt-mensagem\"><\/textarea><\/span> <\/label>\n<\/p>\n<p><input class=\"wpcf7-form-control wpcf7-submit has-spinner\" type=\"submit\" value=\"Enviar\" \/>\n<\/p><div class=\"wpcf7-response-output\" aria-hidden=\"true\"><\/div>\n<\/form>\n<\/div>\n<\/p>\t\t\t\t\t\t\t\t<\/div>\n\t\t\t\t<\/div>\n\t\t\t\t\t<\/div>\n\t\t<\/div>\n\t\t\t\t\t<\/div>\n\t\t<\/section>\n\t\t\t\t<\/div>\n\t\t","protected":false},"excerpt":{"rendered":"<p>Ol\u00e1. Obrigado por ter dedicado um pouco do seu tempo pra ver o meu trabalho. Espero que tenha gostado. Se voc\u00ea deseja ter mais informa\u00e7\u00f5es sobre a&hellip;<\/p>\n<p> <a class=\"more-link\" href=\"https:\/\/teste.lorando.com.br\/festaseeventos\/fale-com-o-fotografo\/\">Leia mais<\/a><\/p>\n","protected":false},"author":1,"featured_media":0,"parent":0,"menu_order":0,"comment_status":"closed","ping_status":"closed","template":"","meta":{"footnotes":""},"class_list":["post-35","page","type-page","status-publish"],"_links":{"self":[{"href":"https:\/\/teste.lorando.com.br\/festaseeventos\/wp-json\/wp\/v2\/pages\/35","targetHints":{"allow":["GET"]}}],"collection":[{"href":"https:\/\/teste.lorando.com.br\/festaseeventos\/wp-json\/wp\/v2\/pages"}],"about":[{"href":"https:\/\/teste.lorando.com.br\/festaseeventos\/wp-json\/wp\/v2\/types\/page"}],"author":[{"embeddable":true,"href":"https:\/\/teste.lorando.com.br\/festaseeventos\/wp-json\/wp\/v2\/users\/1"}],"replies":[{"embeddable":true,"href":"https:\/\/teste.lorando.com.br\/festaseeventos\/wp-json\/wp\/v2\/comments?post=35"}],"version-history":[{"count":8,"href":"https:\/\/teste.lorando.com.br\/festaseeventos\/wp-json\/wp\/v2\/pages\/35\/revisions"}],"predecessor-version":[{"id":155,"href":"https:\/\/teste.lorando.com.br\/festaseeventos\/wp-json\/wp\/v2\/pages\/35\/revisions\/155"}],"wp:attachment":[{"href":"https:\/\/teste.lorando.com.br\/festaseeventos\/wp-json\/wp\/v2\/media?parent=35"}],"curies":[{"name":"wp","href":"https:\/\/api.w.org\/{rel}","templated":true}]}}